{"id":292,"date":"2026-03-09T10:54:41","date_gmt":"2026-03-09T10:54:41","guid":{"rendered":"https:\/\/myozkilic.com\/?page_id=292"},"modified":"2026-03-11T06:46:21","modified_gmt":"2026-03-11T06:46:21","slug":"yangin-kapilari","status":"publish","type":"page","link":"https:\/\/myozkilic.com\/index.php\/yangin-kapilari\/","title":{"rendered":""},"content":{"rendered":"\n<div class=\"wp-block-group alignfull has-mono-4-background-color has-background has-global-padding is-layout-constrained wp-container-core-group-is-layout-c3433f61 wp-block-group-is-layout-constrained\" style=\"margin-top:0;margin-bottom:0;padding-top:var(--wp--preset--spacing--superbspacing-xxlarge);padding-right:var(--wp--preset--spacing--superbspacing-small);padding-bottom:var(--wp--preset--spacing--superbspacing-xxlarge);padding-left:var(--wp--preset--spacing--superbspacing-small)\">\n<div class=\"wp-block-columns alignwide is-layout-flex wp-container-core-columns-is-layout-25593187 wp-block-columns-is-layout-flex\">\n<div class=\"wp-block-column is-vertically-aligned-center is-layout-flow wp-container-core-column-is-layout-40a2a7e8 wp-block-column-is-layout-flow\" style=\"padding-right:0;padding-bottom:0;padding-left:0\">\n<figure data-wp-context=\"{&quot;imageId&quot;:&quot;69d4c1e8de23e&quot;}\" data-wp-interactive=\"core\/image\" data-wp-key=\"69d4c1e8de23e\" class=\"wp-block-image aligncenter size-full is-resized wp-lightbox-container\" id=\"yangin\"><img loading=\"lazy\" decoding=\"async\" width=\"1480\" height=\"1365\" data-wp-class--hide=\"state.isContentHidden\" data-wp-class--show=\"state.isContentVisible\" data-wp-init=\"callbacks.setButtonStyles\" data-wp-on--click=\"actions.showLightbox\" data-wp-on--load=\"callbacks.setButtonStyles\" data-wp-on-window--resize=\"callbacks.setButtonStyles\" src=\"https:\/\/myozkilic.com\/wp-content\/uploads\/2026\/03\/Adsiz-tasarim-3-e1773044634231.png\" alt=\"\" class=\"wp-image-237\" style=\"aspect-ratio:0.7878982941744448;width:348px;height:auto\" srcset=\"https:\/\/myozkilic.com\/wp-content\/uploads\/2026\/03\/Adsiz-tasarim-3-e1773044634231.png 1480w, https:\/\/myozkilic.com\/wp-content\/uploads\/2026\/03\/Adsiz-tasarim-3-e1773044634231-300x277.png 300w, https:\/\/myozkilic.com\/wp-content\/uploads\/2026\/03\/Adsiz-tasarim-3-e1773044634231-1024x944.png 1024w, https:\/\/myozkilic.com\/wp-content\/uploads\/2026\/03\/Adsiz-tasarim-3-e1773044634231-768x708.png 768w\" sizes=\"(max-width: 1480px) 100vw, 1480px\" \/><button\n\t\t\tclass=\"lightbox-trigger\"\n\t\t\ttype=\"button\"\n\t\t\taria-haspopup=\"dialog\"\n\t\t\taria-label=\"B\u00fcy\u00fct\"\n\t\t\tdata-wp-init=\"callbacks.initTriggerButton\"\n\t\t\tdata-wp-on--click=\"actions.showLightbox\"\n\t\t\tdata-wp-style--right=\"state.imageButtonRight\"\n\t\t\tdata-wp-style--top=\"state.imageButtonTop\"\n\t\t>\n\t\t\t<svg xmlns=\"http:\/\/www.w3.org\/2000\/svg\" width=\"12\" height=\"12\" fill=\"none\" viewBox=\"0 0 12 12\">\n\t\t\t\t<path fill=\"#fff\" d=\"M2 0a2 2 0 0 0-2 2v2h1.5V2a.5.5 0 0 1 .5-.5h2V0H2Zm2 10.5H2a.5.5 0 0 1-.5-.5V8H0v2a2 2 0 0 0 2 2h2v-1.5ZM8 12v-1.5h2a.5.5 0 0 0 .5-.5V8H12v2a2 2 0 0 1-2 2H8Zm2-12a2 2 0 0 1 2 2v2h-1.5V2a.5.5 0 0 0-.5-.5H8V0h2Z\" \/>\n\t\t\t<\/svg>\n\t\t<\/button><\/figure>\n<\/div>\n\n\n\n<div class=\"wp-block-column is-vertically-aligned-center is-layout-flow wp-container-core-column-is-layout-a1628350 wp-block-column-is-layout-flow\" style=\"padding-top:0;padding-right:0;padding-bottom:0;padding-left:0\">\n<div class=\"wp-block-group is-layout-flow wp-container-core-group-is-layout-ff697075 wp-block-group-is-layout-flow\">\n<div class=\"wp-block-group has-global-padding is-layout-constrained wp-block-group-is-layout-constrained\">\n<h3 class=\"wp-block-heading has-text-align-left has-superbfont-xlarge-font-size\" id=\"yangin\">Yang\u0131n Kap\u0131lar\u0131<\/h3>\n<\/div>\n\n\n\n<ul class=\"wp-block-list\">\n<li>Yayl\u0131 mente\u015fe <\/li>\n\n\n\n<li>Duman s\u0131zd\u0131rmaz conta<\/li>\n\n\n\n<li>\u0130stenilen renk ve \u00f6l\u00e7\u00fcde \u00fcretim<\/li>\n\n\n\n<li>Elektrostatik Toz Boya<\/li>\n\n\n\n<li>Tek kanat ve \u00e7ift kanat se\u00e7enekleri<\/li>\n\n\n\n<li>Is\u0131 yal\u0131t\u0131ml\u0131 yanmaz malzeme kullan\u0131m\u0131 <\/li>\n<\/ul>\n<\/div>\n<\/div>\n<\/div>\n<\/div>\n","protected":false},"excerpt":{"rendered":"<p>Yang\u0131n Kap\u0131lar\u0131<\/p>\n","protected":false},"author":1,"featured_media":0,"parent":0,"menu_order":0,"comment_status":"closed","ping_status":"closed","template":"","meta":{"saved_in_kubio":false,"footnotes":""},"class_list":["post-292","page","type-page","status-publish","hentry"],"yoast_head":"<!-- This site is optimized with the Yoast SEO plugin v27.3 - https:\/\/yoast.com\/product\/yoast-seo-wordpress\/ -->\n<title>- MY \u00d6ZKILI\u00c7<\/title>\n<meta name=\"robots\" content=\"index, follow, max-snippet:-1, max-image-preview:large, max-video-preview:-1\" \/>\n<link rel=\"canonical\" href=\"https:\/\/myozkilic.com\/index.php\/yangin-kapilari\/\" \/>\n<meta property=\"og:locale\" content=\"tr_TR\" \/>\n<meta property=\"og:type\" content=\"article\" \/>\n<meta property=\"og:title\" content=\"- MY \u00d6ZKILI\u00c7\" \/>\n<meta property=\"og:description\" content=\"Yang\u0131n Kap\u0131lar\u0131\" \/>\n<meta property=\"og:url\" content=\"https:\/\/myozkilic.com\/index.php\/yangin-kapilari\/\" \/>\n<meta property=\"og:site_name\" content=\"MY \u00d6ZKILI\u00c7\" \/>\n<meta property=\"article:modified_time\" content=\"2026-03-11T06:46:21+00:00\" \/>\n<meta property=\"og:image\" content=\"https:\/\/myozkilic.com\/wp-content\/uploads\/2026\/03\/Adsiz-tasarim-3-e1773044634231.png\" \/>\n\t<meta property=\"og:image:width\" content=\"1480\" \/>\n\t<meta property=\"og:image:height\" content=\"1365\" \/>\n\t<meta property=\"og:image:type\" content=\"image\/png\" \/>\n<meta name=\"twitter:card\" content=\"summary_large_image\" \/>\n<meta name=\"twitter:label1\" content=\"Tahmini okuma s\u00fcresi\" \/>\n\t<meta name=\"twitter:data1\" content=\"1 dakika\" \/>\n<script type=\"application\/ld+json\" class=\"yoast-schema-graph\">{\"@context\":\"https:\\\/\\\/schema.org\",\"@graph\":[{\"@type\":\"WebPage\",\"@id\":\"https:\\\/\\\/myozkilic.com\\\/index.php\\\/yangin-kapilari\\\/\",\"url\":\"https:\\\/\\\/myozkilic.com\\\/index.php\\\/yangin-kapilari\\\/\",\"name\":\"- MY \u00d6ZKILI\u00c7\",\"isPartOf\":{\"@id\":\"https:\\\/\\\/myozkilic.com\\\/#website\"},\"primaryImageOfPage\":{\"@id\":\"https:\\\/\\\/myozkilic.com\\\/index.php\\\/yangin-kapilari\\\/#primaryimage\"},\"image\":{\"@id\":\"https:\\\/\\\/myozkilic.com\\\/index.php\\\/yangin-kapilari\\\/#primaryimage\"},\"thumbnailUrl\":\"https:\\\/\\\/myozkilic.com\\\/wp-content\\\/uploads\\\/2026\\\/03\\\/Adsiz-tasarim-3-e1773044634231.png\",\"datePublished\":\"2026-03-09T10:54:41+00:00\",\"dateModified\":\"2026-03-11T06:46:21+00:00\",\"inLanguage\":\"tr\",\"potentialAction\":[{\"@type\":\"ReadAction\",\"target\":[\"https:\\\/\\\/myozkilic.com\\\/index.php\\\/yangin-kapilari\\\/\"]}]},{\"@type\":\"ImageObject\",\"inLanguage\":\"tr\",\"@id\":\"https:\\\/\\\/myozkilic.com\\\/index.php\\\/yangin-kapilari\\\/#primaryimage\",\"url\":\"https:\\\/\\\/myozkilic.com\\\/wp-content\\\/uploads\\\/2026\\\/03\\\/Adsiz-tasarim-3-e1773044634231.png\",\"contentUrl\":\"https:\\\/\\\/myozkilic.com\\\/wp-content\\\/uploads\\\/2026\\\/03\\\/Adsiz-tasarim-3-e1773044634231.png\",\"width\":1480,\"height\":1365},{\"@type\":\"WebSite\",\"@id\":\"https:\\\/\\\/myozkilic.com\\\/#website\",\"url\":\"https:\\\/\\\/myozkilic.com\\\/\",\"name\":\"MY \u00d6ZKILI\u00c7\",\"description\":\"\",\"publisher\":{\"@id\":\"https:\\\/\\\/myozkilic.com\\\/#organization\"},\"potentialAction\":[{\"@type\":\"SearchAction\",\"target\":{\"@type\":\"EntryPoint\",\"urlTemplate\":\"https:\\\/\\\/myozkilic.com\\\/?s={search_term_string}\"},\"query-input\":{\"@type\":\"PropertyValueSpecification\",\"valueRequired\":true,\"valueName\":\"search_term_string\"}}],\"inLanguage\":\"tr\"},{\"@type\":\"Organization\",\"@id\":\"https:\\\/\\\/myozkilic.com\\\/#organization\",\"name\":\"MY \u00d6ZKILI\u00c7\",\"url\":\"https:\\\/\\\/myozkilic.com\\\/\",\"logo\":{\"@type\":\"ImageObject\",\"inLanguage\":\"tr\",\"@id\":\"https:\\\/\\\/myozkilic.com\\\/#\\\/schema\\\/logo\\\/image\\\/\",\"url\":\"https:\\\/\\\/myozkilic.com\\\/wp-content\\\/uploads\\\/2026\\\/03\\\/cropped-cropped-cropped-images-150x150_Nero_AI_Image_Upscaler_Photo_Face_Nero_AI_Background_Remover_transparent.png\",\"contentUrl\":\"https:\\\/\\\/myozkilic.com\\\/wp-content\\\/uploads\\\/2026\\\/03\\\/cropped-cropped-cropped-images-150x150_Nero_AI_Image_Upscaler_Photo_Face_Nero_AI_Background_Remover_transparent.png\",\"width\":512,\"height\":512,\"caption\":\"MY \u00d6ZKILI\u00c7\"},\"image\":{\"@id\":\"https:\\\/\\\/myozkilic.com\\\/#\\\/schema\\\/logo\\\/image\\\/\"}}]}<\/script>\n<!-- \/ Yoast SEO plugin. -->","yoast_head_json":{"title":"- MY \u00d6ZKILI\u00c7","robots":{"index":"index","follow":"follow","max-snippet":"max-snippet:-1","max-image-preview":"max-image-preview:large","max-video-preview":"max-video-preview:-1"},"canonical":"https:\/\/myozkilic.com\/index.php\/yangin-kapilari\/","og_locale":"tr_TR","og_type":"article","og_title":"- MY \u00d6ZKILI\u00c7","og_description":"Yang\u0131n Kap\u0131lar\u0131","og_url":"https:\/\/myozkilic.com\/index.php\/yangin-kapilari\/","og_site_name":"MY \u00d6ZKILI\u00c7","article_modified_time":"2026-03-11T06:46:21+00:00","og_image":[{"width":1480,"height":1365,"url":"https:\/\/myozkilic.com\/wp-content\/uploads\/2026\/03\/Adsiz-tasarim-3-e1773044634231.png","type":"image\/png"}],"twitter_card":"summary_large_image","twitter_misc":{"Tahmini okuma s\u00fcresi":"1 dakika"},"schema":{"@context":"https:\/\/schema.org","@graph":[{"@type":"WebPage","@id":"https:\/\/myozkilic.com\/index.php\/yangin-kapilari\/","url":"https:\/\/myozkilic.com\/index.php\/yangin-kapilari\/","name":"- MY \u00d6ZKILI\u00c7","isPartOf":{"@id":"https:\/\/myozkilic.com\/#website"},"primaryImageOfPage":{"@id":"https:\/\/myozkilic.com\/index.php\/yangin-kapilari\/#primaryimage"},"image":{"@id":"https:\/\/myozkilic.com\/index.php\/yangin-kapilari\/#primaryimage"},"thumbnailUrl":"https:\/\/myozkilic.com\/wp-content\/uploads\/2026\/03\/Adsiz-tasarim-3-e1773044634231.png","datePublished":"2026-03-09T10:54:41+00:00","dateModified":"2026-03-11T06:46:21+00:00","inLanguage":"tr","potentialAction":[{"@type":"ReadAction","target":["https:\/\/myozkilic.com\/index.php\/yangin-kapilari\/"]}]},{"@type":"ImageObject","inLanguage":"tr","@id":"https:\/\/myozkilic.com\/index.php\/yangin-kapilari\/#primaryimage","url":"https:\/\/myozkilic.com\/wp-content\/uploads\/2026\/03\/Adsiz-tasarim-3-e1773044634231.png","contentUrl":"https:\/\/myozkilic.com\/wp-content\/uploads\/2026\/03\/Adsiz-tasarim-3-e1773044634231.png","width":1480,"height":1365},{"@type":"WebSite","@id":"https:\/\/myozkilic.com\/#website","url":"https:\/\/myozkilic.com\/","name":"MY \u00d6ZKILI\u00c7","description":"","publisher":{"@id":"https:\/\/myozkilic.com\/#organization"},"potentialAction":[{"@type":"SearchAction","target":{"@type":"EntryPoint","urlTemplate":"https:\/\/myozkilic.com\/?s={search_term_string}"},"query-input":{"@type":"PropertyValueSpecification","valueRequired":true,"valueName":"search_term_string"}}],"inLanguage":"tr"},{"@type":"Organization","@id":"https:\/\/myozkilic.com\/#organization","name":"MY \u00d6ZKILI\u00c7","url":"https:\/\/myozkilic.com\/","logo":{"@type":"ImageObject","inLanguage":"tr","@id":"https:\/\/myozkilic.com\/#\/schema\/logo\/image\/","url":"https:\/\/myozkilic.com\/wp-content\/uploads\/2026\/03\/cropped-cropped-cropped-images-150x150_Nero_AI_Image_Upscaler_Photo_Face_Nero_AI_Background_Remover_transparent.png","contentUrl":"https:\/\/myozkilic.com\/wp-content\/uploads\/2026\/03\/cropped-cropped-cropped-images-150x150_Nero_AI_Image_Upscaler_Photo_Face_Nero_AI_Background_Remover_transparent.png","width":512,"height":512,"caption":"MY \u00d6ZKILI\u00c7"},"image":{"@id":"https:\/\/myozkilic.com\/#\/schema\/logo\/image\/"}}]}},"kubio_ai_page_context":{"short_desc":"","purpose":"general"},"_links":{"self":[{"href":"https:\/\/myozkilic.com\/index.php\/wp-json\/wp\/v2\/pages\/292","targetHints":{"allow":["GET"]}}],"collection":[{"href":"https:\/\/myozkilic.com\/index.php\/wp-json\/wp\/v2\/pages"}],"about":[{"href":"https:\/\/myozkilic.com\/index.php\/wp-json\/wp\/v2\/types\/page"}],"author":[{"embeddable":true,"href":"https:\/\/myozkilic.com\/index.php\/wp-json\/wp\/v2\/users\/1"}],"replies":[{"embeddable":true,"href":"https:\/\/myozkilic.com\/index.php\/wp-json\/wp\/v2\/comments?post=292"}],"version-history":[{"count":7,"href":"https:\/\/myozkilic.com\/index.php\/wp-json\/wp\/v2\/pages\/292\/revisions"}],"predecessor-version":[{"id":413,"href":"https:\/\/myozkilic.com\/index.php\/wp-json\/wp\/v2\/pages\/292\/revisions\/413"}],"wp:attachment":[{"href":"https:\/\/myozkilic.com\/index.php\/wp-json\/wp\/v2\/media?parent=292"}],"curies":[{"name":"wp","href":"https:\/\/api.w.org\/{rel}","templated":true}]}}